{"id":11805,"date":"2020-02-06T17:22:04","date_gmt":"2020-02-06T20:22:04","guid":{"rendered":"http:\/\/revistacolegio.com\/?page_id=2"},"modified":"2020-02-06T17:22:04","modified_gmt":"2020-02-06T20:22:04","slug":"portada","status":"publish","type":"page","link":"https:\/\/revistacolegio.undertest.itsmos.com\/febo\/portada\/","title":{"rendered":"Portada"},"content":{"rendered":"<p>[smartslider3 slider=\u00bb7&#8243;]<\/p>\n\n\n\n<div class=\"wp-block-columns eplus-wrapper is-layout-flex wp-container-core-columns-is-layout-28f84493 wp-block-columns-is-layout-flex\">\n<div class=\"wp-block-column is-vertically-aligned-center eplus-wrapper is-layout-flow wp-block-column-is-layout-flow\" style=\"flex-basis:66.66%\">\n<div class=\"wp-block-columns are-vertically-aligned-center eplus-wrapper is-layout-flex wp-container-core-columns-is-layout-28f84493 wp-block-columns-is-layout-flex\">\n<div class=\"wp-block-column is-vertically-aligned-center eplus-wrapper is-layout-flow wp-block-column-is-layout-flow\"><p>[smartslider3 slider=\u00bb8&#8243;]<\/p>\n<\/div>\n\n\n\n<div class=\"wp-block-column is-vertically-aligned-center eplus-wrapper is-layout-flow wp-block-column-is-layout-flow\"><p>[smartslider3 slider=\u00bb9&#8243;]<\/p>\n<\/div>\n<\/div>\n\n\n\n<div class=\"wp-block-columns are-vertically-aligned-center eplus-wrapper is-layout-flex wp-container-core-columns-is-layout-28f84493 wp-block-columns-is-layout-flex\">\n<div class=\"wp-block-column is-vertically-aligned-center eplus-wrapper is-layout-flow wp-block-column-is-layout-flow\"><p>[smartslider3 slider=\u00bb10&#8243;]<\/p>\n<\/div>\n\n\n\n<div class=\"wp-block-column is-vertically-aligned-center eplus-wrapper is-layout-flow wp-block-column-is-layout-flow\"><p>[smartslider3 slider=\u00bb11&#8243;]<\/p>\n<\/div>\n<\/div>\n<\/div>\n\n\n\n<div class=\"wp-block-column is-vertically-aligned-center ticss-11219e96 eplus-wrapper is-layout-flow wp-block-column-is-layout-flow\" style=\"flex-basis:33.33%\">\n<p style=\"font-family: Arial, Helvetica, sans-serif !important;font-weight: bold;font-size: 18px;text-align: center\" align=\"center\"><a href=\"https:\/\/revistacolegio.undertest.itsmos.com\/febo\/sdc_download\/11901\/?key=sspifcjrdfvt2uwmc2ih6glbxbil2d\" target=\"_blank\" rel=\"noopener\"><img decoding=\"async\" src=\"https:\/\/revistacolegio.undertest.itsmos.com\/febo\/wp-content\/uploads\/2025\/09\/Revista-Colegio-Edicion-118-tapa.jpg\" style=\"border-width: 2px;border-style: outset;border-color: #e6e6e6\" width=\"225px\" height=\"291px\"><br><br>Edici\u00f3n 118<br><br><span style=\"align-self: center;color: #ffffff;background-color: #333333;padding: 6px 15px;margin: 0;border-radius: 8px\"><i class=\"fas fa-download\"> <\/i> Descargar<\/span><\/a><\/p>\n<\/div>\n<\/div>\n\n\n\n<figure class=\"wp-block-image alignfull size-full eplus-wrapper\"><a href=\"https:\/\/wa.me\/5491168712627?text=Hola%20Florencia!%20Quiero%20averiguar%20sobre%20SIRO%20plataforma%20que%20automatiza%20la%20cobranza%20de%20cuotas%20para%20colegios%20%E2%9D%A4%EF%B8%8F\" target=\"_blank\" rel=\"noopener noreferrer\"><img decoding=\"async\" src=\"https:\/\/revistacolegio.undertest.itsmos.com\/febo\/wp-content\/uploads\/2025\/04\/SIRO-GIF-ii.gif\" alt=\"\" class=\"wp-image-11388\" \/><\/a><\/figure>\n\n\n\n<div class=\"wp-block-columns eplus-wrapper is-layout-flex wp-container-core-columns-is-layout-28f84493 wp-block-columns-is-layout-flex\">\n<div class=\"wp-block-column eplus-wrapper is-layout-flow wp-block-column-is-layout-flow\" style=\"flex-basis:66.66%\"><p>[pt_view id=\u00bb766133cnxt\u00bb]<\/p>\n\n\n\n<figure class=\"wp-block-image size-full eplus-wrapper\"><a href=\"https:\/\/quinttos.com\/\" target=\"_blank\" rel=\"noopener\"><img decoding=\"async\" src=\"https:\/\/revistacolegio.undertest.itsmos.com\/febo\/wp-content\/uploads\/2025\/03\/quinttos-home-revista-colegio.png\" alt=\"\" class=\"wp-image-11110\" \/><\/a><\/figure>\n\n\n\n<h2 class=\"wp-block-heading has-text-align-center eplus-wrapper has-text-color\" id=\"entrevistas\" style=\"color:#174c04\"><a href=\"https:\/\/revistacolegio.undertest.itsmos.com\/febo\/category\/internacional\/\" class=\"rank-math-link\">INTERNACIONAL<\/a><\/h2>\n\n\n\n<br>\n\n\n<p>[pt_view id=\u00bbf38d516f2r\u00bb]<\/p>\n<\/div>\n\n\n\n<div class=\"wp-block-column eplus-wrapper is-layout-flow wp-block-column-is-layout-flow\" style=\"flex-basis:33.33%\"><p>[do_widget_area sidebar-1]<\/p>\n<\/div>\n<\/div>\n\n\n\n<figure class=\"wp-block-image alignfull size-full eplus-wrapper\"><a href=\"https:\/\/www.gire.com\/\" target=\"_blank\"><img decoding=\"async\" src=\"https:\/\/revistacolegio.undertest.itsmos.com\/febo\/wp-content\/uploads\/2025\/09\/gire-campana-banner-web-colegio.gif\" alt=\"\" class=\"wp-image-11880\" \/><\/a><\/figure>\n\n\n\n<h2 class=\"wp-block-heading has-text-align-center eplus-wrapper has-text-color\" id=\"entrevistas\" style=\"color:#174c04\"><a href=\"https:\/\/revistacolegio.undertest.itsmos.com\/febo\/category\/entrevistas\/\" class=\"rank-math-link\">ENTREVISTAS<\/a><\/h2>\n\n\n\n<br>\n\n\n<p>[pt_view id=\u00bb9af73990ar\u00bb]<\/p>\n\n\n\n<figure class=\"wp-block-image alignfull size-full eplus-wrapper\"><a href=\"https:\/\/bit.ly\/43SGiOo\" target=\"_blank\" rel=\"noopener noreferrer\"><img decoding=\"async\" src=\"https:\/\/revistacolegio.undertest.itsmos.com\/febo\/wp-content\/uploads\/2025\/03\/acadeu-2025.04-Banner-Colegio-web-v2.jpg\" alt=\"\" class=\"wp-image-11109\" \/><\/a><\/figure>\n\n\n<p>[MEC id=\u00bb20&#8243;]<\/p>\n\n\n\n<figure class=\"wp-block-image alignfull size-full eplus-wrapper\"><a href=\"https:\/\/www.macmillanenglish.com\/advancing-achievement\" target=\"_blank\"><img decoding=\"async\" src=\"https:\/\/revistacolegio.undertest.itsmos.com\/febo\/wp-content\/uploads\/2025\/08\/Advancing-Acheivement_Banner-v3.jpg\" alt=\"\" class=\"wp-image-11765\" \/><\/a><\/figure>\n\n\n\n<h2 class=\"wp-block-heading has-text-align-center eplus-wrapper has-text-color\" id=\"noticias\" style=\"color:#174c04\"><a href=\"https:\/\/revistacolegio.undertest.itsmos.com\/febo\/noticias\/\">NOTICIAS<\/a><\/h2>\n\n\n\n<br>\n\n\n<p>[pt_view id=\u00bb696687ezeh\u00bb]<\/p>\n\n\n\n<figure class=\"wp-block-image alignfull size-full eplus-wrapper\"><a href=\"https:\/\/www.acudiremergencias.com.ar\/\" target=\"_blank\" rel=\"noopener\"><img decoding=\"async\" src=\"https:\/\/revistacolegio.undertest.itsmos.com\/febo\/wp-content\/uploads\/2023\/02\/Banner-Acudir-en-Revista-Colegio.jpg\" alt=\"\" class=\"wp-image-7409\" \/><\/a><\/figure>\n\n\n\n<h2 class=\"wp-block-heading has-text-align-center eplus-wrapper has-text-color\" id=\"revista-online\" style=\"color:#174c04\"><a href=\"https:\/\/revistacolegio.undertest.itsmos.com\/febo\/revista-online\/\" class=\"rank-math-link\">REVISTA ONLINE<\/a><\/h2>\n\n\n\n<div class=\"wp-block-columns eplus-wrapper is-layout-flex wp-container-core-columns-is-layout-28f84493 wp-block-columns-is-layout-flex\">\n<div class=\"wp-block-column is-vertically-aligned-center eplus-wrapper is-layout-flow wp-block-column-is-layout-flow\">\n<p style=\"font-family: Arial, Helvetica, sans-serif !important;font-weight: bold;font-size: 18px;text-align: center\" align=\"center\"><a href=\"https:\/\/revistacolegio.undertest.itsmos.com\/febo\/sdc_download\/11901\/?key=sspifcjrdfvt2uwmc2ih6glbxbil2d\" target=\"_blank\" rel=\"noopener\"><img decoding=\"async\" src=\"https:\/\/revistacolegio.undertest.itsmos.com\/febo\/wp-content\/uploads\/2025\/09\/Revista-Colegio-Edicion-118-tapa.jpg\" style=\"border-width: 2px;border-style: outset;border-color: #e6e6e6\" width=\"225px\" height=\"291px\"><br><br>Edici\u00f3n 118<br><br><span style=\"align-self: center;color: #ffffff;background-color: #333333;padding: 6px 15px;margin: 0;border-radius: 8px\"><i class=\"fas fa-download\"> <\/i> Descargar<\/span><\/a><\/p>\n<\/div>\n\n\n\n<div class=\"wp-block-column is-vertically-aligned-center eplus-wrapper is-layout-flow wp-block-column-is-layout-flow\">\n<p style=\"font-family: Arial, Helvetica, sans-serif !important;font-size: 18px;text-align: center\" align=\"center\"><a href=\"https:\/\/revistacolegio.undertest.itsmos.com\/febo\/sdc_download\/11692\/?key=fn580pxrcuzrhrbqox15cblu98c92p\" target=\"_blank\" rel=\"noopener\"><img decoding=\"async\" src=\"https:\/\/revistacolegio.undertest.itsmos.com\/febo\/wp-content\/uploads\/2025\/07\/Revista-Colegio-Edicion-117-tapa.jpg\" style=\"border-width: 2px;border-style: outset;border-color: #e6e6e6\" width=\"225px\" height=\"291px\"><br><br>Edici\u00f3n 117<br><br><span style=\"align-self: center;color: #ffffff;background-color: #333333;padding: 6px 15px;margin: 0;border-radius: 8px\"><i class=\"fas fa-download\"> <\/i> Descargar<\/span><\/a><\/p>\n<\/div>\n\n\n\n<div class=\"wp-block-column is-vertically-aligned-center eplus-wrapper is-layout-flow wp-block-column-is-layout-flow\">\n<p style=\"font-family: Arial, Helvetica, sans-serif !important;font-size: 18px;text-align: center\" align=\"center\"><a href=\"https:\/\/revistacolegio.undertest.itsmos.com\/febo\/sdc_download\/11565\/?key=paesw9x82wnmmadp6yqo7p2poview4\" target=\"_blank\" rel=\"noopener\"><img decoding=\"async\" src=\"https:\/\/revistacolegio.undertest.itsmos.com\/febo\/wp-content\/uploads\/2025\/05\/Revista-Colegio-Edicion-116-tapa.jpg\" style=\"border-width: 2px;border-style: outset;border-color: #e6e6e6\" width=\"225px\" height=\"291px\"><br><br>Edici\u00f3n 116<br><br><span style=\"align-self: center;color: #ffffff;background-color: #333333;padding: 6px 15px;margin: 0;border-radius: 8px\"><i class=\"fas fa-download\"> <\/i> Descargar<\/span><\/a><\/p>\n<\/div>\n\n\n\n<div class=\"wp-block-column is-vertically-aligned-center eplus-wrapper is-layout-flow wp-block-column-is-layout-flow\">\n<p style=\"font-family: Arial, Helvetica, sans-serif !important;font-size: 18px;text-align: center\" align=\"center\"><a href=\"https:\/\/revistacolegio.undertest.itsmos.com\/febo\/sdc_download\/11295\/?key=byxopgtyoj695myfxmm4m0snyax3ga\" target=\"_blank\" rel=\"noopener\"><img decoding=\"async\" src=\"https:\/\/revistacolegio.undertest.itsmos.com\/febo\/wp-content\/uploads\/2025\/03\/Edicion-115-tapa.jpg\" style=\"border-width: 2px;border-style: outset;border-color: #e6e6e6\" width=\"225px\" height=\"291px\"><br><br>Edici\u00f3n 115<br><br><span style=\"align-self: center;color: #ffffff;background-color: #333333;padding: 6px 15px;margin: 0;border-radius: 8px\"><i class=\"fas fa-download\"> <\/i> Descargar<\/span><\/a><\/p>\n<\/div>\n<\/div>\n\n\n\n<figure class=\"wp-block-image alignfull size-full eplus-wrapper\"><a href=\"https:\/\/science-bits.com\/site\/es\/descubre-science-bits\/?utm_source=revcolegio&amp;utm_medium=banner&amp;utm_campaign=transforma\" target=\"_blank\" rel=\"noopener\"><img decoding=\"async\" src=\"https:\/\/revistacolegio.undertest.itsmos.com\/febo\/wp-content\/uploads\/2023\/05\/sb-2023-banner-sb-mb-1000x250-1.png\" alt=\"\" class=\"wp-image-7575\" \/><\/a><\/figure>\n\n\n\n<h2 class=\"wp-block-heading has-text-align-center eplus-wrapper has-text-color\" id=\"eventos\" style=\"color:#174c04\"><a href=\"https:\/\/revistacolegio.undertest.itsmos.com\/febo\/eventos\/\">EVENTOS<\/a><\/h2>\n\n\n\n<br>\n\n\n<p>[pt_view id=\u00bb39d51f2pbd\u00bb]<\/p>\n\n\n\n<figure class=\"wp-block-image alignfull size-full eplus-wrapper\"><a href=\"https:\/\/genesisconsultora.com.ar\/\" target=\"_blank\" rel=\"noopener\"><img decoding=\"async\" src=\"https:\/\/revistacolegio.undertest.itsmos.com\/febo\/wp-content\/uploads\/2025\/06\/Banner-Animado_PAGOSeduc_Genesis_Revistacolegios.gif\" alt=\"\" class=\"wp-image-11589\" \/><\/a><\/figure>\n\n\n\n<p class=\"eplus-wrapper\"><\/p>\n","protected":false},"excerpt":{"rendered":"<p>Edici\u00f3n 118 Descargar INTERNACIONAL ENTREVISTAS NOTICIAS REVISTA ONLINE Edici\u00f3n 118 Descargar Edici\u00f3n 117 Descargar Edici\u00f3n 116 Descargar Edici\u00f3n 115 Descargar EVENTOS<\/p>\n","protected":false},"author":1,"featured_media":0,"parent":0,"menu_order":0,"comment_status":"closed","ping_status":"closed","template":"","meta":{"footnotes":""},"class_list":["post-11805","page","type-page","status-publish","hentry"],"_links":{"self":[{"href":"https:\/\/revistacolegio.undertest.itsmos.com\/febo\/wp-json\/wp\/v2\/pages\/11805","targetHints":{"allow":["GET"]}}],"collection":[{"href":"https:\/\/revistacolegio.undertest.itsmos.com\/febo\/wp-json\/wp\/v2\/pages"}],"about":[{"href":"https:\/\/revistacolegio.undertest.itsmos.com\/febo\/wp-json\/wp\/v2\/types\/page"}],"author":[{"embeddable":true,"href":"https:\/\/revistacolegio.undertest.itsmos.com\/febo\/wp-json\/wp\/v2\/users\/1"}],"replies":[{"embeddable":true,"href":"https:\/\/revistacolegio.undertest.itsmos.com\/febo\/wp-json\/wp\/v2\/comments?post=11805"}],"version-history":[{"count":0,"href":"https:\/\/revistacolegio.undertest.itsmos.com\/febo\/wp-json\/wp\/v2\/pages\/11805\/revisions"}],"wp:attachment":[{"href":"https:\/\/revistacolegio.undertest.itsmos.com\/febo\/wp-json\/wp\/v2\/media?parent=11805"}],"curies":[{"name":"wp","href":"https:\/\/api.w.org\/{rel}","templated":true}]}}