{"id":297,"date":"2020-02-16T20:23:06","date_gmt":"2020-02-16T23:23:06","guid":{"rendered":"https:\/\/revistacolegio.com\/?page_id=297"},"modified":"2020-02-16T20:23:06","modified_gmt":"2020-02-16T23:23:06","slug":"quienes-somos","status":"publish","type":"page","link":"https:\/\/revistacolegio.undertest.itsmos.com\/febo\/quienes-somos\/","title":{"rendered":"Qui\u00e9nes somos"},"content":{"rendered":"\n<div class=\"eplus-Z7X1Cj eplus-wrapper wp-block-columns alignwide is-layout-flex wp-container-core-columns-is-layout-28f84493 wp-block-columns-is-layout-flex\">\n<div class=\"eplus-Wu9ptg eplus-wrapper wp-block-column is-layout-flow wp-block-column-is-layout-flow\" style=\"flex-basis:66.66%\">\n<p class=\"eplus-UFJ5ou eplus-wrapper has-normal-font-size\">Revista COLEGIO es una publicaci\u00f3n gratuita de alta calidad, en formato papel y digital, de la empresa RIMA Comunicaci\u00f3n Institucional, fundada y dirigida por el Lic. Marcelo Rivera.<\/p>\n\n\n\n<br>\n\n\n\n<p class=\"eplus-MozWCT eplus-wrapper\">La empresa asesora en comunicaci\u00f3n a las instituciones que pertenecen a nuestra comunidad, en desarrollos web, anuarios digitales e impresos, redes sociales e imagen corporativa<\/p>\n\n\n\n<br>\n\n\n\n<p class=\"eplus-0YMJsu eplus-wrapper has-normal-font-size\">La revista, con&nbsp;25 a\u00f1os de trayectoria, se ha posicionado como un medio referente de la innovaci\u00f3n educativa para aquellas familias o profesionales que quieren informarse sobre tendencias y sirve como una poderosa herramienta de marketing para las instituciones educativas y las empresas.<\/p>\n\n\n\n<br>\n\n\n\n<p class=\"eplus-kFizQW eplus-wrapper\">Reconocidos profesionales comparten sus conocimientos en distintas \u00e1reas relacionadas con la educaci\u00f3n a fin de brindarle al lector una mirada local, regional y global sobre las nuevas metodolog\u00edas y la tecnolog\u00eda que ha tenido impacto en la mejora educativa. Nuestra idea siempre ha sido generar un ecosistema de mejora educativa donde todos los protagonistas de ese ecosistema tengan su espacio, declar\u00e1ndose aprendices y colocando a la educaci\u00f3n de calidad como prioridad para la mejora de contextos sociales.<\/p>\n<\/div>\n\n\n\n<div class=\"eplus-bw7TfA eplus-wrapper wp-block-column is-layout-flow wp-block-column-is-layout-flow\" style=\"flex-basis:33.33%\">\n<figure class=\"eplus-3GcE3B eplus-wrapper wp-block-image aligncenter size-full is-resized\"><img decoding=\"async\" src=\"https:\/\/revistacolegio.undertest.itsmos.com\/febo\/wp-content\/uploads\/2020\/02\/LOGO-colegio-borderless.png\" alt=\"\" class=\"wp-image-26\" style=\"width:283px;height:auto\" \/><\/figure>\n\n\n\n<br>\n\n\n\n<figure class=\"eplus-Rq9EfP is-resized wp-block-image aligncenter size-full eplus-wrapper\"><img loading=\"lazy\" decoding=\"async\" width=\"180\" height=\"99\" src=\"https:\/\/revistacolegio.undertest.itsmos.com\/febo\/wp-content\/uploads\/2021\/11\/logo-Rima-180.png\" alt=\"\" class=\"wp-image-5658\" \/><\/figure>\n<\/div>\n<\/div>\n\n\n\n<hr class=\"is-style-wide eplus-lO59wW eplus-wrapper wp-block-separator has-text-color has-css-opacity has-background is-style-wide--1\" style=\"background-color:#808080;color:#808080\" \/>\n\n\n\n<h2 class=\"eplus-SU3H0T eplus-wrapper wp-block-heading has-text-align-center has-text-color\" style=\"color:#174c04\">NUESTRO NORTE<\/h2>\n\n\n\n<div class=\"eplus-JoZNy2 eplus-wrapper wp-block-columns alignwide is-layout-flex wp-container-core-columns-is-layout-28f84493 wp-block-columns-is-layout-flex\">\n<div class=\"eplus-NhIq7V eplus-wrapper wp-block-column is-layout-flow wp-block-column-is-layout-flow\">\n<h3 class=\"eplus-0h4fdj eplus-wrapper wp-block-heading\">Visi\u00f3n<\/h3>\n\n\n\n<p class=\"eplus-WhiyMk eplus-wrapper\">Transformar la educaci\u00f3n para lograr una sociedad mejor, sustentable, m\u00e1s justa y solidaria en un mundo mejor para todos.<\/p>\n<\/div>\n\n\n\n<div class=\"eplus-hTn8Rh eplus-wrapper wp-block-column is-layout-flow wp-block-column-is-layout-flow\">\n<h3 class=\"eplus-H1GjlO eplus-wrapper wp-block-heading\">Misi\u00f3n<\/h3>\n\n\n\n<p class=\"eplus-5Mn7iy eplus-wrapper\">Que todas las personas interesadas en la mejora educativa puedan leer nuestros contenidos, que los docentes y directivos lideren el cambio, que los alumnos aprendan disfrutando para que esos aprendizajes sean \u00fatiles en su vida, que los padres se comprometan con la educaci\u00f3n de sus hijos.<\/p>\n<\/div>\n\n\n\n<div class=\"eplus-uUP92u eplus-wrapper wp-block-column is-layout-flow wp-block-column-is-layout-flow\">\n<h3 class=\"eplus-oiZXyQ eplus-wrapper wp-block-heading\">Valores<\/h3>\n\n\n\n<p class=\"eplus-9LHuzK eplus-wrapper\">Trabajo en equipo, resiliencia, solidaridad, apertura al aprendizaje, miradas plurales, inclusi\u00f3n, liderazgo.<\/p>\n<\/div>\n<\/div>\n\n\n\n<hr class=\"is-style-wide eplus-csFlk1 eplus-wrapper wp-block-separator has-text-color has-css-opacity has-background is-style-wide--2\" style=\"background-color:#808080;color:#808080\" \/>\n\n\n\n<h2 class=\"eplus-URMIj2 eplus-wrapper wp-block-heading has-text-align-center has-text-color\" style=\"color:#174c04\">NUESTRO EQUIPO<\/h2>\n\n\n\n<div class=\"eplus-iWoZAl eplus-wrapper wp-block-columns alignwide is-layout-flex wp-container-core-columns-is-layout-28f84493 wp-block-columns-is-layout-flex\">\n<div class=\"eplus-D7zj55 eplus-wrapper wp-block-column is-layout-flow wp-block-column-is-layout-flow\" style=\"flex-basis:33.33%\">\n<figure class=\"is-style-circle-mask eplus-NR4Usi eplus-wrapper wp-block-image size-full is-resized\"><img decoding=\"async\" src=\"https:\/\/revistacolegio.undertest.itsmos.com\/febo\/wp-content\/uploads\/2020\/02\/marcelo-400.jpg\" alt=\"\" class=\"wp-image-318\" style=\"object-fit:cover;width:400px;height:400px\" \/><\/figure>\n<\/div>\n\n\n\n<div class=\"eplus-DEt5ab eplus-wrapper wp-block-column is-layout-flow wp-block-column-is-layout-flow\" style=\"flex-basis:66.66%\">\n<p class=\"eplus-QWtka3 eplus-wrapper has-large-font-size\">Marcelo Rivera<\/p>\n\n\n\n<p class=\"eplus-5oIFYs eplus-wrapper has-medium-font-size\">@marceloriveracoach<\/p>\n\n\n\n<p class=\"eplus-gTHHQ3 eplus-wrapper\">Docente, Coach y Licenciado en Comunicaci\u00f3n Social. Fundador de Rima Comunicaci\u00f3n Institucional, creador y director de la Revista COLEGIO, co-autor y editor del libro \u201cUn giro copernicano a la educaci\u00f3n\u201d y co-fundador de la Consultora Cop\u00e9rnico de gesti\u00f3n de la innovaci\u00f3n educativa.<br> Pionero en el marketing educativo en la Argentina, se define como emprendedor y una persona apasionada, cuestionadora y resiliente.<\/p>\n\n\n\n<p class=\"eplus-RimE0W eplus-wrapper\">Ha trabajado con cientos de colegios asesor\u00e1ndolos en marketing y comunicaci\u00f3n, y tambi\u00e9n ha brindado ponencias en jornadas y congresos educativos sobre el futuro de la educaci\u00f3n, innovaci\u00f3n, tendencias y marketing educativo.<\/p>\n<\/div>\n<\/div>\n\n\n\n<div class=\"eplus-IJNAr2 eplus-wrapper wp-block-columns alignwide is-layout-flex wp-container-core-columns-is-layout-28f84493 wp-block-columns-is-layout-flex\">\n<div class=\"eplus-qxHh8u eplus-wrapper wp-block-column is-layout-flow wp-block-column-is-layout-flow\">\n<figure class=\"is-style-circle-mask eplus-kZrTu7 is-resized wp-block-image aligncenter size-full eplus-wrapper\"><img decoding=\"async\" src=\"https:\/\/revistacolegio.undertest.itsmos.com\/febo\/wp-content\/uploads\/2024\/09\/mariela-2024-800x800-1.jpg\" alt=\"\" class=\"wp-image-10700\" style=\"object-fit:cover;width:300px;height:300px\" \/><\/figure>\n\n\n\n<p class=\"eplus-NcPPED eplus-wrapper has-text-align-center has-medium-font-size\">Mariela Castro<\/p>\n\n\n\n<p class=\"eplus-T7eul6 eplus-wrapper has-text-align-center\"><em>Administraci\u00f3n<\/em><\/p>\n<\/div>\n\n\n\n<div class=\"eplus-QC5FEe eplus-wrapper wp-block-column is-layout-flow wp-block-column-is-layout-flow\">\n<figure class=\"is-style-circle-mask eplus-e6BPlV is-resized wp-block-image aligncenter size-full eplus-wrapper\"><img decoding=\"async\" src=\"https:\/\/revistacolegio.undertest.itsmos.com\/febo\/wp-content\/uploads\/2020\/02\/esteban-400.jpg\" alt=\"\" class=\"wp-image-317\" style=\"object-fit:cover;width:300px;height:300px\" \/><\/figure>\n\n\n\n<p class=\"eplus-41BBIQ eplus-wrapper has-text-align-center has-medium-font-size\">Esteban Tomeo<\/p>\n\n\n\n<p class=\"eplus-hCKXju eplus-wrapper has-text-align-center\"><em>Periodista. Fot\u00f3grafo. Gerencia de Contenidos Editoriales.<\/em><\/p>\n<\/div>\n<\/div>\n\n\n\n<div class=\"eplus-CNP3la eplus-wrapper wp-block-columns alignwide is-layout-flex wp-container-core-columns-is-layout-28f84493 wp-block-columns-is-layout-flex\">\n<div class=\"eplus-mV7Vj1 eplus-wrapper wp-block-column is-layout-flow wp-block-column-is-layout-flow\">\n<figure class=\"is-style-circle-mask eplus-aiBZ24 is-style-rounded is-resized wp-block-image aligncenter size-full eplus-wrapper\"><img loading=\"lazy\" decoding=\"async\" width=\"1706\" height=\"1466\" src=\"https:\/\/revistacolegio.undertest.itsmos.com\/febo\/wp-content\/uploads\/2023\/12\/DSC_1320.jpg\" alt=\"\" class=\"wp-image-8701\" style=\"object-fit:cover;width:300px;height:300px\" srcset=\"https:\/\/revistacolegio.undertest.itsmos.com\/febo\/wp-content\/uploads\/sites\/7\/2023\/12\/DSC_1320.jpg 1706w, https:\/\/revistacolegio.undertest.itsmos.com\/febo\/wp-content\/uploads\/sites\/7\/2023\/12\/DSC_1320-300x258.jpg 300w, https:\/\/revistacolegio.undertest.itsmos.com\/febo\/wp-content\/uploads\/sites\/7\/2023\/12\/DSC_1320-1024x880.jpg 1024w, https:\/\/revistacolegio.undertest.itsmos.com\/febo\/wp-content\/uploads\/sites\/7\/2023\/12\/DSC_1320-768x660.jpg 768w, https:\/\/revistacolegio.undertest.itsmos.com\/febo\/wp-content\/uploads\/sites\/7\/2023\/12\/DSC_1320-1536x1320.jpg 1536w\" sizes=\"auto, (max-width: 1706px) 100vw, 1706px\" \/><\/figure>\n\n\n\n<p class=\"eplus-hEiU6e eplus-wrapper has-text-align-center has-medium-font-size\">Marcelo Prato<\/p>\n\n\n\n<p class=\"eplus-k6yR8A eplus-wrapper has-text-align-center\">Orientaci\u00f3n Vocacional<\/p>\n<\/div>\n\n\n\n<div class=\"eplus-O7WS7p eplus-wrapper wp-block-column is-layout-flow wp-block-column-is-layout-flow\">\n<figure class=\"is-style-rounded eplus-xpmOIz is-resized wp-block-image aligncenter size-full eplus-wrapper\"><img decoding=\"async\" src=\"https:\/\/revistacolegio.undertest.itsmos.com\/febo\/wp-content\/uploads\/2020\/04\/Andrea-Rivera-400.jpeg\" alt=\"\" class=\"wp-image-1228\" style=\"object-fit:cover;width:300px;height:300px\" \/><\/figure>\n\n\n\n<p class=\"eplus-vcwnYy eplus-wrapper has-text-align-center has-medium-font-size\">Andrea Rivera<\/p>\n\n\n\n<p class=\"eplus-HHJVKA eplus-wrapper has-text-align-center\"><em>Proyectos Solidarios.<\/em><\/p>\n<\/div>\n<\/div>\n","protected":false},"excerpt":{"rendered":"<p>Revista COLEGIO es una publicaci\u00f3n gratuita de alta calidad, en formato papel y digital, de la empresa RIMA Comunicaci\u00f3n Institucional, fundada y dirigida por el Lic. Marcelo Rivera. La empresa asesora en comunicaci\u00f3n a las instituciones que pertenecen a nuestra comunidad, en desarrollos web, anuarios digitales e impresos, redes sociales e imagen corporativa La revista, [&hellip;]<\/p>\n","protected":false},"author":1,"featured_media":0,"parent":0,"menu_order":0,"comment_status":"closed","ping_status":"closed","template":"","meta":{"footnotes":""},"class_list":["post-297","page","type-page","status-publish","hentry"],"_links":{"self":[{"href":"https:\/\/revistacolegio.undertest.itsmos.com\/febo\/wp-json\/wp\/v2\/pages\/297","targetHints":{"allow":["GET"]}}],"collection":[{"href":"https:\/\/revistacolegio.undertest.itsmos.com\/febo\/wp-json\/wp\/v2\/pages"}],"about":[{"href":"https:\/\/revistacolegio.undertest.itsmos.com\/febo\/wp-json\/wp\/v2\/types\/page"}],"author":[{"embeddable":true,"href":"https:\/\/revistacolegio.undertest.itsmos.com\/febo\/wp-json\/wp\/v2\/users\/1"}],"replies":[{"embeddable":true,"href":"https:\/\/revistacolegio.undertest.itsmos.com\/febo\/wp-json\/wp\/v2\/comments?post=297"}],"version-history":[{"count":0,"href":"https:\/\/revistacolegio.undertest.itsmos.com\/febo\/wp-json\/wp\/v2\/pages\/297\/revisions"}],"wp:attachment":[{"href":"https:\/\/revistacolegio.undertest.itsmos.com\/febo\/wp-json\/wp\/v2\/media?parent=297"}],"curies":[{"name":"wp","href":"https:\/\/api.w.org\/{rel}","templated":true}]}}